{"id":113,"date":"2011-05-13T15:35:12","date_gmt":"2011-05-13T13:35:12","guid":{"rendered":"http:\/\/www.nickert.eu\/wordpress\/?page_id=113"},"modified":"2011-06-17T09:08:55","modified_gmt":"2011-06-17T07:08:55","slug":"nurnberger-versicherung-ag-von-der-nickert-consulting-gmbh-co-kg-auf-schadenersatz-verklagt","status":"publish","type":"page","link":"http:\/\/www.nickert.eu\/wordpress\/nurnberger-versicherung-ag-von-der-nickert-consulting-gmbh-co-kg-auf-schadenersatz-verklagt\/","title":{"rendered":"N\u00dcRNBERGER\/Garanta Versicherung AG  von der Nickert Consulting GmbH &#038; Co. KG auf Schadenersatz verklagt"},"content":{"rendered":"<p class=\"wp-caption-dt\">&nbsp;<\/p>\n<div id=\"attachment_131\" style=\"width: 310px\" class=\"wp-caption aligncenter\"><a rel=\"attachment wp-att-131\" href=\"http:\/\/www.nickert.eu\/wordpress\/nurnberger-versicherung-ag-von-der-nickert-consulting-gmbh-co-kg-auf-schadenersatz-verklagt\/8r0t5377\/\"><img loading=\"lazy\" decoding=\"async\" aria-describedby=\"caption-attachment-131\" class=\"size-medium wp-image-131\" title=\"Bild 1\" src=\"http:\/\/www.nickert.eu\/wordpress\/wp-content\/uploads\/8R0T5377-300x200.jpg\" alt=\"Einfahrt in die Einbahnstra\u00dfe\" width=\"300\" height=\"200\" srcset=\"http:\/\/www.nickert.eu\/wordpress\/wp-content\/uploads\/8R0T5377-300x200.jpg 300w, http:\/\/www.nickert.eu\/wordpress\/wp-content\/uploads\/8R0T5377-1024x682.jpg 1024w, http:\/\/www.nickert.eu\/wordpress\/wp-content\/uploads\/8R0T5377.jpg 1944w\" sizes=\"auto, (max-width: 300px) 100vw, 300px\" \/><\/a><p id=\"caption-attachment-131\" class=\"wp-caption-text\">Bild 1<\/p><\/div>\n<div id=\"attachment_132\" style=\"width: 310px\" class=\"wp-caption aligncenter\"><a rel=\"attachment wp-att-132\" href=\"http:\/\/www.nickert.eu\/wordpress\/nurnberger-versicherung-ag-von-der-nickert-consulting-gmbh-co-kg-auf-schadenersatz-verklagt\/8r0t5393\/\"><img loading=\"lazy\" decoding=\"async\" aria-describedby=\"caption-attachment-132\" class=\"size-medium wp-image-132\" title=\"Bild 2\" src=\"http:\/\/www.nickert.eu\/wordpress\/wp-content\/uploads\/8R0T5393-300x200.jpg\" alt=\"Fahrt durch Einbahnstra\u00dfe\" width=\"300\" height=\"200\" srcset=\"http:\/\/www.nickert.eu\/wordpress\/wp-content\/uploads\/8R0T5393-300x200.jpg 300w, http:\/\/www.nickert.eu\/wordpress\/wp-content\/uploads\/8R0T5393-1024x682.jpg 1024w, http:\/\/www.nickert.eu\/wordpress\/wp-content\/uploads\/8R0T5393.jpg 1944w\" sizes=\"auto, (max-width: 300px) 100vw, 300px\" \/><\/a><p id=\"caption-attachment-132\" class=\"wp-caption-text\">Bild 2<\/p><\/div>\n<div id=\"attachment_133\" style=\"width: 310px\" class=\"wp-caption aligncenter\"><a rel=\"attachment wp-att-133\" href=\"http:\/\/www.nickert.eu\/wordpress\/nurnberger-versicherung-ag-von-der-nickert-consulting-gmbh-co-kg-auf-schadenersatz-verklagt\/8r0t5414\/\"><img loading=\"lazy\" decoding=\"async\" aria-describedby=\"caption-attachment-133\" class=\"size-medium wp-image-133\" title=\"Bild 3\" src=\"http:\/\/www.nickert.eu\/wordpress\/wp-content\/uploads\/8R0T5414-300x200.jpg\" alt=\"beim Zusammensto\u00df\" width=\"300\" height=\"200\" srcset=\"http:\/\/www.nickert.eu\/wordpress\/wp-content\/uploads\/8R0T5414-300x200.jpg 300w, http:\/\/www.nickert.eu\/wordpress\/wp-content\/uploads\/8R0T5414-1024x682.jpg 1024w, http:\/\/www.nickert.eu\/wordpress\/wp-content\/uploads\/8R0T5414.jpg 1944w\" sizes=\"auto, (max-width: 300px) 100vw, 300px\" \/><\/a><p id=\"caption-attachment-133\" class=\"wp-caption-text\">Bild 3<\/p><\/div>\n<div id=\"attachment_134\" style=\"width: 310px\" class=\"wp-caption aligncenter\"><a rel=\"attachment wp-att-134\" href=\"http:\/\/www.nickert.eu\/wordpress\/nurnberger-versicherung-ag-von-der-nickert-consulting-gmbh-co-kg-auf-schadenersatz-verklagt\/8r0t5419\/\"><img loading=\"lazy\" decoding=\"async\" aria-describedby=\"caption-attachment-134\" class=\"size-medium wp-image-134\" title=\"Bild 4\" src=\"http:\/\/www.nickert.eu\/wordpress\/wp-content\/uploads\/8R0T5419-300x200.jpg\" alt=\"Endstand\" width=\"300\" height=\"200\" srcset=\"http:\/\/www.nickert.eu\/wordpress\/wp-content\/uploads\/8R0T5419-300x200.jpg 300w, http:\/\/www.nickert.eu\/wordpress\/wp-content\/uploads\/8R0T5419-1024x682.jpg 1024w, http:\/\/www.nickert.eu\/wordpress\/wp-content\/uploads\/8R0T5419.jpg 1944w\" sizes=\"auto, (max-width: 300px) 100vw, 300px\" \/><\/a><p id=\"caption-attachment-134\" class=\"wp-caption-text\">Bild 4<\/p><\/div>\n<p>Hintergrund des Rechtssteits, welcher beim Landgericht Chemnitz\u00a0unter dem Aktenzeichen 5 O 549\/11 anh\u00e4ngig ist, ist folgender:<\/p>\n<p>Der Unfallverursacher, welcher bei der beklagten Versicherung haftpflichtversichert ist, bef\u00e4hrt auf glatter Fahrbahn\u00a0eine Einbahnstra\u00dfe, entgegengesetzt der erlaubten Fahrtrichtung und prallt am Ende auf das Fahrzeug der Kl\u00e4gerin, welches auch auf Grund der Gl\u00e4tte nicht mehr bewegt werden kann und geparkt steht.<\/p>\n<p>Im Grunde genommen eine klare Angelegenheit, wer in ein stehendes Fahrzeug f\u00e4hrt ist schuld!<\/p>\n<p>Eigentlich lie\u00df sich der Kontakt mit der N\u00dcRNBERGER SofortService AG, welche die Schadenservice-Gesellschaft der N\u00dcRNBERGER Versicherungsgruppe ist, recht gut an, denn am Nachmittag des\u00a0Schadenstages\u00a0war schon die entsprechende R\u00fcckmeldung\u00a0da. Man erkundigte\u00a0sich,\u00a0wo das Fahrzeug instandgesetzt werden soll. Leider zu fr\u00fch gefreut, von wegen einfache Regulierung&#8230;<\/p>\n<p>Am n\u00e4chsten Morgen machte der Versicherer bei der Werkstatt, in der die Instandsetzung erfolgen sollte, Druck, dass kein Gutachten zur Beweissicherung erstellt werden sollte. Es g\u00e4be entsprechende Vertr\u00e4ge. Eine Kalkulation der Werkstatt und Fotos w\u00e4ren ausreichend. Da die Werkstatt nicht darauf einging, kam man dann \u00fcber die Hintert\u00fcr, von wegen die Kl\u00e4gerin h\u00e4tte ja mindestens 50% Teilschuld, wegen der Betriebsgefahr. Betriebsgefahr &#8211; das Fahrzeug stand aber auf Grund der Gl\u00e4tte schon mindestens 5 Minuten faktisch geparkt, war also nicht in Betrieb. Im \u00fcbrigen waren vom Fahrer der Kl\u00e4gerin alle legalen Zufahrtsm\u00f6glichkeiten zu diesem kritischen Stra\u00dfenbereich gesperrt worden, bevor der Unfall geschah.<\/p>\n<p>6 Wochen hat die Kl\u00e4ger selbst versucht, die Regulierung abzuschlie\u00dfen, ohne Erfolg. Die Aussagen der Schadenbearbeiterin waren sehr vielf\u00e4ltig wie:<\/p>\n<p>&#8211; &#8222;Die Zeugen h\u00e4tten sich bisher\u00a0nicht zur\u00fcckgemeldet.&#8220; Dumm nur, leider hatte nie ein Zeuge einen Brief erhalten, mit dem um eine Unfallschilderung gebeten wurde.<br \/>\n&#8211; &#8222;Sie kann sich gar nicht erkl\u00e4ren wie die Besch\u00e4digungen am Heck des Fahrzeuges zustande kommen?&#8220; Hirn einschalten&#8230; Wenn das Fahrzeug an eine Palisadenmauer herangeschoben wird, kann es schon den ein oder anderen Kratzer geben.<\/p>\n<p>Nach den erfolglosen Versuchen der Kl\u00e4gerin, schrieb dann der Anwalt dieser noch einen netten Brief, wo um kurzfristige Regulierung ersucht wurde. Ebenfalls ohne sp\u00fcrbaren Erfolg. Ohne Erfolg hei\u00dft, der Versicherer h\u00e4lt es nicht einmal f\u00fcr notwendig, Briefe und E-Mails zu beantworten. Auch auf das Gutachten und die Rechnungen, welche bei der N\u00dcRNBERGER SofortService AG vorliegen, geht man nicht ein.<\/p>\n<p>Jetzt sind \u00fcber 3 Monate vorbei, von dem bisher aufgelaufenen Schaden von\u00a0knapp EUR 13.000,00 ist nichts bezahlt worden.\u00a0Vielleicht ist es auch die neue Masche, auf Zeit zu spielen. Vielleicht geht einem Gesch\u00e4digten irgendwann die Luft aus. Vielleicht kommt man dann, auf irgenwelche juristischen Spitzfindigkeiten, wie die Aktivlegitimation w\u00fcrde fehlen oder die Gesch\u00e4digte solle erst einmal nachweisen, dass sie der Besitzer des Fahrzeuges ist&#8230;<\/p>\n<p><strong>Die N\u00fcrnberger hat ja auch in anderen Bereichen einen grottenschlechten Ruf. Manch ein Maklerkollege sollte sich hier\u00fcber wirklich Gedanken machen, ob es vertretbar ist, eine solche Versicherung dem Kunden anzubieten.<\/strong><\/p>\n","protected":false},"excerpt":{"rendered":"<p>&nbsp; Hintergrund des Rechtssteits, welcher beim Landgericht Chemnitz\u00a0unter dem Aktenzeichen 5 O 549\/11 anh\u00e4ngig ist, ist folgender: Der Unfallverursacher, welcher bei der beklagten Versicherung haftpflichtversichert ist, bef\u00e4hrt auf glatter Fahrbahn\u00a0eine Einbahnstra\u00dfe, entgegengesetzt der erlaubten Fahrtrichtung und prallt am Ende auf das Fahrzeug der Kl\u00e4gerin, welches auch auf Grund der Gl\u00e4tte nicht mehr bewegt werden kann [&hellip;]<\/p>\n","protected":false},"author":1,"featured_media":0,"parent":0,"menu_order":0,"comment_status":"open","ping_status":"closed","template":"","meta":{"footnotes":""},"class_list":["post-113","page","type-page","status-publish","hentry"],"_links":{"self":[{"href":"http:\/\/www.nickert.eu\/wordpress\/wp-json\/wp\/v2\/pages\/113","targetHints":{"allow":["GET"]}}],"collection":[{"href":"http:\/\/www.nickert.eu\/wordpress\/wp-json\/wp\/v2\/pages"}],"about":[{"href":"http:\/\/www.nickert.eu\/wordpress\/wp-json\/wp\/v2\/types\/page"}],"author":[{"embeddable":true,"href":"http:\/\/www.nickert.eu\/wordpress\/wp-json\/wp\/v2\/users\/1"}],"replies":[{"embeddable":true,"href":"http:\/\/www.nickert.eu\/wordpress\/wp-json\/wp\/v2\/comments?post=113"}],"version-history":[{"count":30,"href":"http:\/\/www.nickert.eu\/wordpress\/wp-json\/wp\/v2\/pages\/113\/revisions"}],"predecessor-version":[{"id":123,"href":"http:\/\/www.nickert.eu\/wordpress\/wp-json\/wp\/v2\/pages\/113\/revisions\/123"}],"wp:attachment":[{"href":"http:\/\/www.nickert.eu\/wordpress\/wp-json\/wp\/v2\/media?parent=113"}],"curies":[{"name":"wp","href":"https:\/\/api.w.org\/{rel}","templated":true}]}}